{"id":475,"date":"2019-03-08T20:16:53","date_gmt":"2019-03-08T19:16:53","guid":{"rendered":"https:\/\/www.massimorocchi.ch\/?page_id=475"},"modified":"2022-07-05T14:52:17","modified_gmt":"2022-07-05T12:52:17","slug":"portrait","status":"publish","type":"page","link":"https:\/\/www.massimorocchi.ch\/fr\/portrait\/","title":{"rendered":"Portrait"},"content":{"rendered":"<h2>L\u2019\u00e9quilibre entre la continuit\u00e9 et l\u2019innovation<\/h2>\n<p>&nbsp;<\/p>\n<p>Massimo parcourt le monde avec curiosit\u00e9. Il aime regarder les gens se dire bonjour, commander un caf\u00e9 dans un bistrot, fl\u00e2ner en ville, au th\u00e9\u00e2tre, sur la plage de Rimini ou courir d\u2019un terminal \u00e0 un autre dans un a\u00e9roport.<\/p>\n<p>L\u2019\u00e9quipe Massimo Rocchi et Massimo Rocchi font une promesse de prestation commune : enthousiasmer le public!<\/p>\n<p>Massimo Rocchi ne repr\u00e9sente pas une g\u00e9n\u00e9ration ou un pays, mais les \u00e9motions au-del\u00e0 des fronti\u00e8res g\u00e9ographiques.<\/p>\n<p>Apr\u00e8s des \u00e9tudes th\u00e9\u00e2trales \u00e0 l\u2019Universit\u00e9 de Bologne, il se forme \u00e0\u00a0Paris dans les \u00e9coles mondialement reconnues d\u2019\u00c9tienne Decroux et Marcel Marceau pour devenir un excellent pantomime et acteur.<\/p>\n<p>Mais le talent et la formation ne suffisent pas \u00e0 eux seuls pour r\u00e9ussir. Il faut avant tout \u00eatre humain, aimer son public et garder les pieds sur terre.<\/p>\n<p>Massimo Rocchi est humoriste, auteur, metteur en sc\u00e8ne et acteur. Son monde est celui du th\u00e9\u00e2tre, qu\u2019il aime comparer \u00e0 une grande ville avec ses diff\u00e9rents quartiers et facettes.<\/p>\n<p>Son r\u00e9pertoire contient du pantomime et des acrobaties linguistiques (allemand, suisse allemand, fran\u00e7ais, italien) et traite des \u00e9nigmes de la vie, des dieux et autres folies de ce genre, ainsi que des absurdit\u00e9s de l\u2019existence humaine. \u00abEs isch eso u fertig.\u00bb<\/p>\n<p>Pour nous, l\u2019\u00e9quipe Massimo Rocchi, le message fondamental est le divertissement. Nous sommes un groupe actif de personnes aux comp\u00e9tences diverses, heureuses de travailler avec Massimo Rocchi, qui nous fascine par son fair-play, son intelligence, ses grandes aptitudes sociales et son raffinement.<\/p>\n<p>Notre philosophie est marqu\u00e9e par des valeurs et objectifs communs qui nous engagent \u00e0 une collaboration bas\u00e9e sur un comportement ouvert et juste. Notre ligne directrice : \u00eatre sympathiques et d\u00e9contract\u00e9s. Notre engagement commun : enthousiasmer le public!<\/p>\n<div class=\"pt-box\"><img loading=\"lazy\" decoding=\"async\" class=\"alignnone wp-image-1231\" src=\"https:\/\/www.massimorocchi.ch\/wp-content\/uploads\/desoet.jpg\" alt=\"\" width=\"88\" height=\"88\" \/> Vanessa au nom de l\u2019\u00e9quipe Massimo Rocchi<\/div>\n","protected":false},"excerpt":{"rendered":"<p>L\u2019\u00e9quilibre entre la continuit\u00e9 et l\u2019innovation &nbsp; Massimo parcourt le monde avec curiosit\u00e9. Il aime regarder les gens se dire bonjour, commander un caf\u00e9 dans un bistrot, fl\u00e2ner en ville, au th\u00e9\u00e2tre, sur la plage de Rimini ou courir d\u2019un terminal \u00e0 un autre dans un a\u00e9roport. L\u2019\u00e9quipe Massimo Rocchi et Massimo Rocchi font une [&hellip;]<\/p>\n","protected":false},"author":1,"featured_media":587,"parent":0,"menu_order":3,"comment_status":"closed","ping_status":"closed","template":"","meta":{"_acf_changed":false,"inline_featured_image":false,"footnotes":"","_links_to":"","_links_to_target":""},"class_list":["post-475","page","type-page","status-publish","has-post-thumbnail","hentry"],"acf":[],"_links":{"self":[{"href":"https:\/\/www.massimorocchi.ch\/fr\/wp-json\/wp\/v2\/pages\/475","targetHints":{"allow":["GET"]}}],"collection":[{"href":"https:\/\/www.massimorocchi.ch\/fr\/wp-json\/wp\/v2\/pages"}],"about":[{"href":"https:\/\/www.massimorocchi.ch\/fr\/wp-json\/wp\/v2\/types\/page"}],"author":[{"embeddable":true,"href":"https:\/\/www.massimorocchi.ch\/fr\/wp-json\/wp\/v2\/users\/1"}],"replies":[{"embeddable":true,"href":"https:\/\/www.massimorocchi.ch\/fr\/wp-json\/wp\/v2\/comments?post=475"}],"version-history":[{"count":22,"href":"https:\/\/www.massimorocchi.ch\/fr\/wp-json\/wp\/v2\/pages\/475\/revisions"}],"predecessor-version":[{"id":1653,"href":"https:\/\/www.massimorocchi.ch\/fr\/wp-json\/wp\/v2\/pages\/475\/revisions\/1653"}],"wp:featuredmedia":[{"embeddable":true,"href":"https:\/\/www.massimorocchi.ch\/fr\/wp-json\/wp\/v2\/media\/587"}],"wp:attachment":[{"href":"https:\/\/www.massimorocchi.ch\/fr\/wp-json\/wp\/v2\/media?parent=475"}],"curies":[{"name":"wp","href":"https:\/\/api.w.org\/{rel}","templated":true}]}}