{"id":487,"date":"2019-03-08T20:23:23","date_gmt":"2019-03-08T19:23:23","guid":{"rendered":"https:\/\/www.massimorocchi.ch\/?page_id=487"},"modified":"2022-03-16T19:45:19","modified_gmt":"2022-03-16T18:45:19","slug":"contact","status":"publish","type":"page","link":"https:\/\/www.massimorocchi.ch\/fr\/contact\/","title":{"rendered":"Contact"},"content":{"rendered":"<h2>Mme Vanessa de Soet  Tel +41 79 337 00 49<\/a><br \/>\n<a href=\"javascript:secureDecryptAndNavigate('uHhd\/PcQuwUavnZgcN1A0MtGystTNYikhnGhbMM+hSaxZZF1pEP9N\/VxWXWEKVKCANssGeyZAXA\/LEzODAUmIQ7ZsjW4sRAuyPSDYxAKaom\/kQ==', '0d536e6c208af20e0f41adfd4f703b182f9b78f46d0d78efc8135d101f082e57')\">management(at)massimorocchi.ch<\/a><br \/>\n(Gala\/repr\u00e9sentation\/demandes presse)<\/h2>\n<h3>Massimo Rocchi GmbH \/ F\u00f6hn Theaterproduktionen<br \/>\nT\u00fcrkheimerstrasse 62, CH &#8211; 4055 B\u00e2le <\/h3>\n","protected":false},"excerpt":{"rendered":"<p>Mme Vanessa de Soet Tel +41 79 337 00 49 management(at)massimorocchi.ch (Gala\/repr\u00e9sentation\/demandes presse) Massimo Rocchi GmbH \/ F\u00f6hn Theaterproduktionen T\u00fcrkheimerstrasse 62, CH &#8211; 4055 B\u00e2le<\/p>\n","protected":false},"author":1,"featured_media":0,"parent":0,"menu_order":99,"comment_status":"closed","ping_status":"closed","template":"","meta":{"_acf_changed":false,"inline_featured_image":false,"footnotes":"","_links_to":"","_links_to_target":""},"class_list":["post-487","page","type-page","status-publish","hentry"],"acf":[],"_links":{"self":[{"href":"https:\/\/www.massimorocchi.ch\/fr\/wp-json\/wp\/v2\/pages\/487","targetHints":{"allow":["GET"]}}],"collection":[{"href":"https:\/\/www.massimorocchi.ch\/fr\/wp-json\/wp\/v2\/pages"}],"about":[{"href":"https:\/\/www.massimorocchi.ch\/fr\/wp-json\/wp\/v2\/types\/page"}],"author":[{"embeddable":true,"href":"https:\/\/www.massimorocchi.ch\/fr\/wp-json\/wp\/v2\/users\/1"}],"replies":[{"embeddable":true,"href":"https:\/\/www.massimorocchi.ch\/fr\/wp-json\/wp\/v2\/comments?post=487"}],"version-history":[{"count":18,"href":"https:\/\/www.massimorocchi.ch\/fr\/wp-json\/wp\/v2\/pages\/487\/revisions"}],"predecessor-version":[{"id":1563,"href":"https:\/\/www.massimorocchi.ch\/fr\/wp-json\/wp\/v2\/pages\/487\/revisions\/1563"}],"wp:attachment":[{"href":"https:\/\/www.massimorocchi.ch\/fr\/wp-json\/wp\/v2\/media?parent=487"}],"curies":[{"name":"wp","href":"https:\/\/api.w.org\/{rel}","templated":true}]}}