{"id":694,"date":"2019-05-31T11:33:40","date_gmt":"2019-05-31T09:33:40","guid":{"rendered":"https:\/\/www.massimorocchi.ch\/?page_id=694"},"modified":"2019-06-22T13:34:14","modified_gmt":"2019-06-22T11:34:14","slug":"coaching","status":"publish","type":"page","link":"https:\/\/www.massimorocchi.ch\/fr\/coaching\/","title":{"rendered":"Coaching"},"content":{"rendered":"<h2>Coaching individuel pour d\u00e9butants et professionnels dans les domaines suivants:<\/h2>\n<ul>\n<li>R\u00f4les de th\u00e9\u00e2tre<\/li>\n<li>Op\u00e9ra Bouffe<\/li>\n<li>Art dramatique<\/li>\n<li>Vari\u00e9t\u00e9<\/li>\n<li>Art comique<\/li>\n<li>One-woman-show\/One-man-show<\/li>\n<li>Pr\u00e9sence sc\u00e9nique<\/li>\n<\/ul>\n<p>Veuillez nous contacter. Nous vous proposerons un coaching adapt\u00e9 \u00e0 vos besoins en tenant compte de vos souhaits. Nous travaillons avec efficacit\u00e9, professionnalisme et grand engagement pour que vous atteigniez vos objectifs.<\/p>\n","protected":false},"excerpt":{"rendered":"<p>Coaching individuel pour d\u00e9butants et professionnels dans les domaines suivants: R\u00f4les de th\u00e9\u00e2tre Op\u00e9ra Bouffe Art dramatique Vari\u00e9t\u00e9 Art comique One-woman-show\/One-man-show Pr\u00e9sence sc\u00e9nique Veuillez nous contacter. Nous vous proposerons un coaching adapt\u00e9 \u00e0 vos besoins en tenant compte de vos souhaits. Nous travaillons avec efficacit\u00e9, professionnalisme et grand engagement pour que vous atteigniez vos objectifs.<\/p>\n","protected":false},"author":1,"featured_media":591,"parent":0,"menu_order":5,"comment_status":"closed","ping_status":"closed","template":"","meta":{"_acf_changed":false,"inline_featured_image":false,"footnotes":"","_links_to":"","_links_to_target":""},"class_list":["post-694","page","type-page","status-publish","has-post-thumbnail","hentry"],"acf":[],"_links":{"self":[{"href":"https:\/\/www.massimorocchi.ch\/fr\/wp-json\/wp\/v2\/pages\/694","targetHints":{"allow":["GET"]}}],"collection":[{"href":"https:\/\/www.massimorocchi.ch\/fr\/wp-json\/wp\/v2\/pages"}],"about":[{"href":"https:\/\/www.massimorocchi.ch\/fr\/wp-json\/wp\/v2\/types\/page"}],"author":[{"embeddable":true,"href":"https:\/\/www.massimorocchi.ch\/fr\/wp-json\/wp\/v2\/users\/1"}],"replies":[{"embeddable":true,"href":"https:\/\/www.massimorocchi.ch\/fr\/wp-json\/wp\/v2\/comments?post=694"}],"version-history":[{"count":2,"href":"https:\/\/www.massimorocchi.ch\/fr\/wp-json\/wp\/v2\/pages\/694\/revisions"}],"predecessor-version":[{"id":850,"href":"https:\/\/www.massimorocchi.ch\/fr\/wp-json\/wp\/v2\/pages\/694\/revisions\/850"}],"wp:featuredmedia":[{"embeddable":true,"href":"https:\/\/www.massimorocchi.ch\/fr\/wp-json\/wp\/v2\/media\/591"}],"wp:attachment":[{"href":"https:\/\/www.massimorocchi.ch\/fr\/wp-json\/wp\/v2\/media?parent=694"}],"curies":[{"name":"wp","href":"https:\/\/api.w.org\/{rel}","templated":true}]}}